{"id":1317,"date":"2025-10-13T14:48:32","date_gmt":"2025-10-13T14:48:32","guid":{"rendered":"https:\/\/keeperacademy.hu\/home\/"},"modified":"2026-01-16T11:26:48","modified_gmt":"2026-01-16T10:26:48","slug":"home","status":"publish","type":"page","link":"https:\/\/keeperacademy.hu\/","title":{"rendered":"Home"},"content":{"rendered":"\t\t<div data-elementor-type=\"wp-page\" data-elementor-id=\"1317\" class=\"elementor elementor-1317\" data-elementor-post-type=\"page\">\n\t\t\t\t<div class=\"elementor-element elementor-element-080475f e-flex e-con-boxed e-con e-parent\" data-id=\"080475f\" data-element_type=\"container\" data-settings=\"{&quot;background_background&quot;:&quot;classic&quot;}\">\n\t\t\t\t\t<div class=\"e-con-inner\">\n\t\t\t\t<div class=\"elementor-element elementor-element-8ab47fb elementor-widget elementor-widget-heading\" data-id=\"8ab47fb\" data-element_type=\"widget\" data-widget_type=\"heading.default\">\n\t\t\t\t<div class=\"elementor-widget-container\">\n\t\t\t\t\t<h1 class=\"elementor-heading-title elementor-size-default\">\u00c9rd el c\u00e9ljaid vel\u00fcnk<\/h1>\t\t\t\t<\/div>\n\t\t\t\t<\/div>\n\t\t\t\t<div class=\"elementor-element elementor-element-f0a0684 elementor-align-center elementor-widget elementor-widget-button\" data-id=\"f0a0684\" data-element_type=\"widget\" data-widget_type=\"button.default\">\n\t\t\t\t<div class=\"elementor-widget-container\">\n\t\t\t\t\t\t\t\t\t<div class=\"elementor-button-wrapper\">\n\t\t\t\t\t<a class=\"elementor-button elementor-button-link elementor-size-sm\" href=\"https:\/\/keeperacademy.hu\/?page_id=3605\">\n\t\t\t\t\t\t<span class=\"elementor-button-content-wrapper\">\n\t\t\t\t\t\t\t\t\t<span class=\"elementor-button-text\">Csatlakozz!<\/span>\n\t\t\t\t\t<\/span>\n\t\t\t\t\t<\/a>\n\t\t\t\t<\/div>\n\t\t\t\t\t\t\t\t<\/div>\n\t\t\t\t<\/div>\n\t\t\t\t\t<\/div>\n\t\t\t\t<\/div>\n\t\t<div class=\"elementor-element elementor-element-c20e150 e-flex e-con-boxed e-con e-parent\" data-id=\"c20e150\" data-element_type=\"container\" data-settings=\"{&quot;background_background&quot;:&quot;classic&quot;}\">\n\t\t\t\t\t<div class=\"e-con-inner\">\n\t\t\t\t<div class=\"elementor-element elementor-element-3493908 elementor-widget elementor-widget-heading\" data-id=\"3493908\" data-element_type=\"widget\" data-widget_type=\"heading.default\">\n\t\t\t\t<div class=\"elementor-widget-container\">\n\t\t\t\t\t<h2 class=\"elementor-heading-title elementor-size-default\">Egy\u00e9ni kapusedz\u00e9sek <\/h2>\t\t\t\t<\/div>\n\t\t\t\t<\/div>\n\t\t\t\t<div class=\"elementor-element elementor-element-d04b682 elementor-widget-divider--view-line elementor-widget elementor-widget-divider\" data-id=\"d04b682\" data-element_type=\"widget\" data-widget_type=\"divider.default\">\n\t\t\t\t<div class=\"elementor-widget-container\">\n\t\t\t\t\t\t\t<div class=\"elementor-divider\">\n\t\t\t<span class=\"elementor-divider-separator\">\n\t\t\t\t\t\t<\/span>\n\t\t<\/div>\n\t\t\t\t\t\t<\/div>\n\t\t\t\t<\/div>\n\t\t<div class=\"elementor-element elementor-element-829cbec e-con-full e-flex e-con e-child\" data-id=\"829cbec\" data-element_type=\"container\">\n\t\t<div class=\"elementor-element elementor-element-1d10e89 e-con-full e-flex e-con e-child\" data-id=\"1d10e89\" data-element_type=\"container\">\n\t\t\t\t<div class=\"elementor-element elementor-element-10aa031 elementor-widget__width-initial elementor-widget elementor-widget-image\" data-id=\"10aa031\" data-element_type=\"widget\" data-widget_type=\"image.default\">\n\t\t\t\t<div class=\"elementor-widget-container\">\n\t\t\t\t\t\t\t\t\t\t\t\t\t\t\t\t<a href=\"https:\/\/keeperacademy.hu\/?page_id=3605\">\n\t\t\t\t\t\t\t<img fetchpriority=\"high\" decoding=\"async\" width=\"2560\" height=\"1707\" src=\"https:\/\/keeperacademy.hu\/wp-content\/uploads\/2025\/03\/DSCF0464-scaled-1.jpg\" class=\"elementor-animation-grow attachment-full size-full wp-image-73\" alt=\"DSCF0464 Scaled 1\" srcset=\"https:\/\/keeperacademy.hu\/wp-content\/uploads\/2025\/03\/DSCF0464-scaled-1.jpg 2560w, https:\/\/keeperacademy.hu\/wp-content\/uploads\/2025\/03\/DSCF0464-scaled-1-300x200.jpg 300w, https:\/\/keeperacademy.hu\/wp-content\/uploads\/2025\/03\/DSCF0464-scaled-1-1024x683.jpg 1024w, https:\/\/keeperacademy.hu\/wp-content\/uploads\/2025\/03\/DSCF0464-scaled-1-768x512.jpg 768w, https:\/\/keeperacademy.hu\/wp-content\/uploads\/2025\/03\/DSCF0464-scaled-1-1536x1024.jpg 1536w, https:\/\/keeperacademy.hu\/wp-content\/uploads\/2025\/03\/DSCF0464-scaled-1-2048x1366.jpg 2048w\" sizes=\"(max-width: 2560px) 100vw, 2560px\" title=\"Home\">\t\t\t\t\t\t\t\t<\/a>\n\t\t\t\t\t\t\t\t\t\t\t\t\t\t\t<\/div>\n\t\t\t\t<\/div>\n\t\t\t\t<div class=\"elementor-element elementor-element-ba22480 elementor-widget elementor-widget-image-box\" data-id=\"ba22480\" data-element_type=\"widget\" data-widget_type=\"image-box.default\">\n\t\t\t\t<div class=\"elementor-widget-container\">\n\t\t\t\t\t<div class=\"elementor-image-box-wrapper\"><div class=\"elementor-image-box-content\"><h3 class=\"elementor-image-box-title\">Egy\u00e9ni k\u00e9pz\u00e9s<\/h3><p class=\"elementor-image-box-description\">Legy\u00e9l te aki a legt\u00f6bb munk\u00e1t beleteszi! Edz\u0151ink pedig gondoskodnak r\u00f3la, hogy k\u00f6zben te fejl\u0151dj a legt\u00f6bbet.<\/p><\/div><\/div>\t\t\t\t<\/div>\n\t\t\t\t<\/div>\n\t\t\t\t<\/div>\n\t\t<div class=\"elementor-element elementor-element-5018adf e-con-full e-flex e-con e-child\" data-id=\"5018adf\" data-element_type=\"container\">\n\t\t\t\t<div class=\"elementor-element elementor-element-4b33bfd elementor-widget elementor-widget-image\" data-id=\"4b33bfd\" data-element_type=\"widget\" data-settings=\"{&quot;_animation&quot;:&quot;none&quot;}\" data-widget_type=\"image.default\">\n\t\t\t\t<div class=\"elementor-widget-container\">\n\t\t\t\t\t\t\t\t\t\t\t\t\t\t\t\t<a href=\"https:\/\/keeperacademy.hu\/?page_id=3605\">\n\t\t\t\t\t\t\t<img decoding=\"async\" width=\"1024\" height=\"576\" src=\"https:\/\/keeperacademy.hu\/wp-content\/uploads\/2025\/03\/L2EVAooHWDwS3CWSsYWoeL.jpg\" class=\"elementor-animation-grow attachment-full size-full wp-image-74\" alt=\"L2EVAooHWDwS3CWSsYWoeL\" srcset=\"https:\/\/keeperacademy.hu\/wp-content\/uploads\/2025\/03\/L2EVAooHWDwS3CWSsYWoeL.jpg 1024w, https:\/\/keeperacademy.hu\/wp-content\/uploads\/2025\/03\/L2EVAooHWDwS3CWSsYWoeL-300x169.jpg 300w, https:\/\/keeperacademy.hu\/wp-content\/uploads\/2025\/03\/L2EVAooHWDwS3CWSsYWoeL-768x432.jpg 768w, https:\/\/keeperacademy.hu\/wp-content\/uploads\/2025\/03\/L2EVAooHWDwS3CWSsYWoeL-800x450.jpg 800w\" sizes=\"(max-width: 1024px) 100vw, 1024px\" title=\"Home\">\t\t\t\t\t\t\t\t<\/a>\n\t\t\t\t\t\t\t\t\t\t\t\t\t\t\t<\/div>\n\t\t\t\t<\/div>\n\t\t\t\t<div class=\"elementor-element elementor-element-e51abdd elementor-widget elementor-widget-image-box\" data-id=\"e51abdd\" data-element_type=\"widget\" data-widget_type=\"image-box.default\">\n\t\t\t\t<div class=\"elementor-widget-container\">\n\t\t\t\t\t<div class=\"elementor-image-box-wrapper\"><div class=\"elementor-image-box-content\"><h3 class=\"elementor-image-box-title\">Er\u0151nl\u00e9t fejleszt\u00e9se<\/h3><p class=\"elementor-image-box-description\">N\u00e1lunk lehet\u0151s\u00e9ged van a kapus specifikus er\u0151, gyorsas\u00e1g \u00e9s \u00e1ll\u00f3k\u00e9pess\u00e9ged n\u00f6vel\u00e9s\u00e9re.<\/p><\/div><\/div>\t\t\t\t<\/div>\n\t\t\t\t<\/div>\n\t\t\t\t<\/div>\n\t\t<div class=\"elementor-element elementor-element-ce0f821 e-con-full e-flex e-con e-child\" data-id=\"ce0f821\" data-element_type=\"container\">\n\t\t\t\t<div class=\"elementor-element elementor-element-b281300 elementor-widget elementor-widget-image\" data-id=\"b281300\" data-element_type=\"widget\" data-widget_type=\"image.default\">\n\t\t\t\t<div class=\"elementor-widget-container\">\n\t\t\t\t\t\t\t\t\t\t\t\t\t\t\t\t<a href=\"https:\/\/keeperacademy.hu\/?page_id=3605\">\n\t\t\t\t\t\t\t<img decoding=\"async\" width=\"800\" height=\"576\" src=\"https:\/\/keeperacademy.hu\/wp-content\/uploads\/2025\/10\/gk3-e1760368740727.png\" class=\"elementor-animation-grow attachment-full size-full wp-image-4367\" alt=\"gk3\" srcset=\"https:\/\/keeperacademy.hu\/wp-content\/uploads\/2025\/10\/gk3-e1760368740727.png 800w, https:\/\/keeperacademy.hu\/wp-content\/uploads\/2025\/10\/gk3-e1760368740727-300x216.png 300w, https:\/\/keeperacademy.hu\/wp-content\/uploads\/2025\/10\/gk3-e1760368740727-768x553.png 768w\" sizes=\"(max-width: 800px) 100vw, 800px\" title=\"Home\">\t\t\t\t\t\t\t\t<\/a>\n\t\t\t\t\t\t\t\t\t\t\t\t\t\t\t<\/div>\n\t\t\t\t<\/div>\n\t\t\t\t<div class=\"elementor-element elementor-element-28d4c4a elementor-widget elementor-widget-image-box\" data-id=\"28d4c4a\" data-element_type=\"widget\" data-widget_type=\"image-box.default\">\n\t\t\t\t<div class=\"elementor-widget-container\">\n\t\t\t\t\t<div class=\"elementor-image-box-wrapper\"><div class=\"elementor-image-box-content\"><h3 class=\"elementor-image-box-title\">Elemz\u00e9s<\/h3><p class=\"elementor-image-box-description\">K\u00f6vesd fejl\u0151d\u00e9sed az edz\u00e9sekr\u0151l k\u00e9sz\u00fclt vide\u00f3anyagokon!<\/p><\/div><\/div>\t\t\t\t<\/div>\n\t\t\t\t<\/div>\n\t\t\t\t<\/div>\n\t\t\t\t<\/div>\n\t\t\t\t\t<\/div>\n\t\t\t\t<\/div>\n\t\t<div class=\"elementor-element elementor-element-43a285c e-grid e-con-boxed e-con e-parent\" data-id=\"43a285c\" data-element_type=\"container\" data-settings=\"{&quot;background_background&quot;:&quot;classic&quot;}\">\n\t\t\t\t\t<div class=\"e-con-inner\">\n\t\t\t\t<div class=\"elementor-element elementor-element-95f0bc9 elementor-widget elementor-widget-heading\" data-id=\"95f0bc9\" data-element_type=\"widget\" data-widget_type=\"heading.default\">\n\t\t\t\t<div class=\"elementor-widget-container\">\n\t\t\t\t\t<h2 class=\"elementor-heading-title elementor-size-default\">Megtal\u00e1lsz minket:<\/h2>\t\t\t\t<\/div>\n\t\t\t\t<\/div>\n\t\t\t\t<div class=\"elementor-element elementor-element-5e78e71 elementor-shape-rounded elementor-grid-0 e-grid-align-center elementor-widget elementor-widget-social-icons\" data-id=\"5e78e71\" data-element_type=\"widget\" data-widget_type=\"social-icons.default\">\n\t\t\t\t<div class=\"elementor-widget-container\">\n\t\t\t\t\t\t\t<div class=\"elementor-social-icons-wrapper elementor-grid\" role=\"list\">\n\t\t\t\t\t\t\t<span class=\"elementor-grid-item\" role=\"listitem\">\n\t\t\t\t\t<a class=\"elementor-icon elementor-social-icon elementor-social-icon-tiktok elementor-repeater-item-1a16806\" href=\"https:\/\/www.tiktok.com\/@keeperacademybp\" target=\"_blank\">\n\t\t\t\t\t\t<span class=\"elementor-screen-only\">Tiktok<\/span>\n\t\t\t\t\t\t<i aria-hidden=\"true\" class=\"fab fa-tiktok\"><\/i>\t\t\t\t\t<\/a>\n\t\t\t\t<\/span>\n\t\t\t\t\t\t\t<span class=\"elementor-grid-item\" role=\"listitem\">\n\t\t\t\t\t<a class=\"elementor-icon elementor-social-icon elementor-social-icon-instagram elementor-repeater-item-dacb86a\" href=\"https:\/\/www.instagram.com\/keeperacademybp\/\" target=\"_blank\">\n\t\t\t\t\t\t<span class=\"elementor-screen-only\">Instagram<\/span>\n\t\t\t\t\t\t<i aria-hidden=\"true\" class=\"fab fa-instagram\"><\/i>\t\t\t\t\t<\/a>\n\t\t\t\t<\/span>\n\t\t\t\t\t\t\t<span class=\"elementor-grid-item\" role=\"listitem\">\n\t\t\t\t\t<a class=\"elementor-icon elementor-social-icon elementor-social-icon-facebook elementor-repeater-item-937a606\" target=\"_blank\">\n\t\t\t\t\t\t<span class=\"elementor-screen-only\">Facebook<\/span>\n\t\t\t\t\t\t<i aria-hidden=\"true\" class=\"fab fa-facebook\"><\/i>\t\t\t\t\t<\/a>\n\t\t\t\t<\/span>\n\t\t\t\t\t<\/div>\n\t\t\t\t\t\t<\/div>\n\t\t\t\t<\/div>\n\t\t\t\t\t<\/div>\n\t\t\t\t<\/div>\n\t\t<div class=\"elementor-element elementor-element-c7ba803 e-flex e-con-boxed e-con e-parent\" data-id=\"c7ba803\" data-element_type=\"container\" data-settings=\"{&quot;background_background&quot;:&quot;classic&quot;}\">\n\t\t\t\t\t<div class=\"e-con-inner\">\n\t\t<div class=\"elementor-element elementor-element-b211560 e-con-full e-flex e-con e-child\" data-id=\"b211560\" data-element_type=\"container\">\n\t\t\t\t<div class=\"elementor-element elementor-element-8de8d3f elementor-widget-mobile__width-inherit elementor-widget elementor-widget-image\" data-id=\"8de8d3f\" data-element_type=\"widget\" data-widget_type=\"image.default\">\n\t\t\t\t<div class=\"elementor-widget-container\">\n\t\t\t\t\t\t\t\t\t\t\t\t\t\t\t<img loading=\"lazy\" decoding=\"async\" width=\"1000\" height=\"950\" src=\"https:\/\/keeperacademy.hu\/wp-content\/uploads\/2025\/03\/kids20goalkeeper20gloves20red.jpg\" class=\"attachment-full size-full wp-image-72\" alt=\"Kids20goalkeeper20gloves20red\" srcset=\"https:\/\/keeperacademy.hu\/wp-content\/uploads\/2025\/03\/kids20goalkeeper20gloves20red.jpg 1000w, https:\/\/keeperacademy.hu\/wp-content\/uploads\/2025\/03\/kids20goalkeeper20gloves20red-300x285.jpg 300w, https:\/\/keeperacademy.hu\/wp-content\/uploads\/2025\/03\/kids20goalkeeper20gloves20red-768x730.jpg 768w\" sizes=\"(max-width: 1000px) 100vw, 1000px\" title=\"Home\">\t\t\t\t\t\t\t\t\t\t\t\t\t\t\t<\/div>\n\t\t\t\t<\/div>\n\t\t\t\t<div class=\"elementor-element elementor-element-1ed5c44 elementor-hidden-tablet elementor-hidden-mobile elementor-widget elementor-widget-heading\" data-id=\"1ed5c44\" data-element_type=\"widget\" data-widget_type=\"heading.default\">\n\t\t\t\t<div class=\"elementor-widget-container\">\n\t\t\t\t\t<h4 class=\"elementor-heading-title elementor-size-default\">d<\/h4>\t\t\t\t<\/div>\n\t\t\t\t<\/div>\n\t\t\t\t<\/div>\n\t\t<div class=\"elementor-element elementor-element-191b7a3 e-con-full e-flex e-con e-child\" data-id=\"191b7a3\" data-element_type=\"container\">\n\t\t\t\t<div class=\"elementor-element elementor-element-1cd6dec elementor-widget elementor-widget-heading\" data-id=\"1cd6dec\" data-element_type=\"widget\" data-widget_type=\"heading.default\">\n\t\t\t\t<div class=\"elementor-widget-container\">\n\t\t\t\t\t<h2 class=\"elementor-heading-title elementor-size-default\">Mi a Keeper Academy c\u00e9lja?<\/h2>\t\t\t\t<\/div>\n\t\t\t\t<\/div>\n\t\t<div class=\"elementor-element elementor-element-bc919fd e-flex e-con-boxed e-con e-child\" data-id=\"bc919fd\" data-element_type=\"container\">\n\t\t\t\t\t<div class=\"e-con-inner\">\n\t\t\t\t<div class=\"elementor-element elementor-element-2919fa9 elementor-align-center elementor-mobile-align-justify elementor-widget-mobile__width-inherit elementor-widget-tablet__width-auto elementor-tablet-align-left elementor-widget elementor-widget-button\" data-id=\"2919fa9\" data-element_type=\"widget\" data-widget_type=\"button.default\">\n\t\t\t\t<div class=\"elementor-widget-container\">\n\t\t\t\t\t\t\t\t\t<div class=\"elementor-button-wrapper\">\n\t\t\t\t\t<a class=\"elementor-button elementor-button-link elementor-size-sm\" href=\"\/about\/\">\n\t\t\t\t\t\t<span class=\"elementor-button-content-wrapper\">\n\t\t\t\t\t\t\t\t\t<span class=\"elementor-button-text\">T\u00f6bbet R\u00f3lunk<\/span>\n\t\t\t\t\t<\/span>\n\t\t\t\t\t<\/a>\n\t\t\t\t<\/div>\n\t\t\t\t\t\t\t\t<\/div>\n\t\t\t\t<\/div>\n\t\t\t\t\t<\/div>\n\t\t\t\t<\/div>\n\t\t\t\t<\/div>\n\t\t\t\t\t<\/div>\n\t\t\t\t<\/div>\n\t\t<div class=\"elementor-element elementor-element-57d9a0a e-grid e-con-full e-con e-parent\" data-id=\"57d9a0a\" data-element_type=\"container\" data-settings=\"{&quot;background_background&quot;:&quot;classic&quot;}\">\n\t\t\t\t<div class=\"elementor-element elementor-element-e501f0a elementor-widget elementor-widget-text-editor\" data-id=\"e501f0a\" data-element_type=\"widget\" data-widget_type=\"text-editor.default\">\n\t\t\t\t<div class=\"elementor-widget-container\">\n\t\t\t\t\t\t\t\t\t<p>\u00a0<\/p><p><img loading=\"lazy\" decoding=\"async\" class=\"aligncenter wp-image-4400\" src=\"https:\/\/keeperacademy.hu\/wp-content\/uploads\/2025\/10\/nvlp-300x300.png\" alt=\"nvlp\" width=\"25\" height=\"25\" title=\"Home\" srcset=\"https:\/\/keeperacademy.hu\/wp-content\/uploads\/2025\/10\/nvlp-300x300.png 300w, https:\/\/keeperacademy.hu\/wp-content\/uploads\/2025\/10\/nvlp-150x150.png 150w, https:\/\/keeperacademy.hu\/wp-content\/uploads\/2025\/10\/nvlp.png 512w\" sizes=\"(max-width: 25px) 100vw, 25px\" \/><strong><span style=\"font-size: 16px;\">keeperacademybudapest@gmail.com<\/span><\/strong><\/p><p><img loading=\"lazy\" decoding=\"async\" class=\"wp-image-4397 aligncenter\" src=\"https:\/\/keeperacademy.hu\/wp-content\/uploads\/2025\/10\/telefon2-300x300.png\" alt=\"telefon2\" width=\"25\" height=\"25\" title=\"Home\" srcset=\"https:\/\/keeperacademy.hu\/wp-content\/uploads\/2025\/10\/telefon2-300x300.png 300w, https:\/\/keeperacademy.hu\/wp-content\/uploads\/2025\/10\/telefon2-150x150.png 150w, https:\/\/keeperacademy.hu\/wp-content\/uploads\/2025\/10\/telefon2.png 512w\" sizes=\"(max-width: 25px) 100vw, 25px\" \/><\/p><p><strong>+36 30 232 7374<\/strong><\/p><p><img loading=\"lazy\" decoding=\"async\" class=\"aligncenter wp-image-4398\" src=\"https:\/\/keeperacademy.hu\/wp-content\/uploads\/2025\/10\/fb-k-300x300.png\" alt=\"fb k\" width=\"29\" height=\"29\" title=\"Home\" srcset=\"https:\/\/keeperacademy.hu\/wp-content\/uploads\/2025\/10\/fb-k-300x300.png 300w, https:\/\/keeperacademy.hu\/wp-content\/uploads\/2025\/10\/fb-k-150x150.png 150w, https:\/\/keeperacademy.hu\/wp-content\/uploads\/2025\/10\/fb-k.png 512w\" sizes=\"(max-width: 29px) 100vw, 29px\" \/> <strong>Keeper Academy Budapest<\/strong><\/p>\t\t\t\t\t\t\t\t<\/div>\n\t\t\t\t<\/div>\n\t\t\t\t<div class=\"elementor-element elementor-element-0704c0e elementor-widget elementor-widget-text-editor\" data-id=\"0704c0e\" data-element_type=\"widget\" data-widget_type=\"text-editor.default\">\n\t\t\t\t<div class=\"elementor-widget-container\">\n\t\t\t\t\t\t\t\t\t<p>\u00a0<\/p><p><img loading=\"lazy\" decoding=\"async\" class=\"aligncenter wp-image-4399\" src=\"https:\/\/keeperacademy.hu\/wp-content\/uploads\/2025\/10\/loc-240x300.png\" alt=\"loc\" width=\"40\" height=\"50\" title=\"Home\" srcset=\"https:\/\/keeperacademy.hu\/wp-content\/uploads\/2025\/10\/loc-240x300.png 240w, https:\/\/keeperacademy.hu\/wp-content\/uploads\/2025\/10\/loc-819x1024.png 819w, https:\/\/keeperacademy.hu\/wp-content\/uploads\/2025\/10\/loc-768x960.png 768w, https:\/\/keeperacademy.hu\/wp-content\/uploads\/2025\/10\/loc.png 872w\" sizes=\"(max-width: 40px) 100vw, 40px\" \/><\/p><h4><strong>Budapest<\/strong><\/h4><p>T\u00e1ncsics Mih\u00e1ly \u00dat 1174<\/p><p>Grund 1986 Fc Sporttelep<\/p>\t\t\t\t\t\t\t\t<\/div>\n\t\t\t\t<\/div>\n\t\t\t\t<div class=\"elementor-element elementor-element-a799296 elementor-widget elementor-widget-text-editor\" data-id=\"a799296\" data-element_type=\"widget\" data-widget_type=\"text-editor.default\">\n\t\t\t\t<div class=\"elementor-widget-container\">\n\t\t\t\t\t\t\t\t\t<p>\u00a0<\/p><p><img loading=\"lazy\" decoding=\"async\" class=\"aligncenter wp-image-4399\" src=\"https:\/\/keeperacademy.hu\/wp-content\/uploads\/2025\/10\/loc-240x300.png\" alt=\"loc\" width=\"40\" height=\"50\" title=\"Home\" srcset=\"https:\/\/keeperacademy.hu\/wp-content\/uploads\/2025\/10\/loc-240x300.png 240w, https:\/\/keeperacademy.hu\/wp-content\/uploads\/2025\/10\/loc-819x1024.png 819w, https:\/\/keeperacademy.hu\/wp-content\/uploads\/2025\/10\/loc-768x960.png 768w, https:\/\/keeperacademy.hu\/wp-content\/uploads\/2025\/10\/loc.png 872w\" sizes=\"(max-width: 40px) 100vw, 40px\" \/><\/p><h4><strong>Mogyor\u00f3d<\/strong><\/h4><p>Sport \u00fat 33, 2146<\/p><p>Mogyor\u00f3d Focip\u00e1lya<\/p>\t\t\t\t\t\t\t\t<\/div>\n\t\t\t\t<\/div>\n\t\t\t\t<\/div>\n\t\t<div class=\"elementor-element elementor-element-b036438 e-flex e-con-boxed e-con e-parent\" data-id=\"b036438\" data-element_type=\"container\">\n\t\t\t\t\t<div class=\"e-con-inner\">\n\t\t\t\t\t<\/div>\n\t\t\t\t<\/div>\n\t\t\t\t<\/div>\n\t\t","protected":false},"excerpt":{"rendered":"<p>\u00c9rd el c\u00e9ljaid vel\u00fcnk Csatlakozz! Egy\u00e9ni kapusedz\u00e9sek Egy\u00e9ni k\u00e9pz\u00e9s Legy\u00e9l te aki a legt\u00f6bb munk\u00e1t beleteszi! Edz\u0151ink pedig gondoskodnak r\u00f3la, hogy k\u00f6zben te fejl\u0151dj a legt\u00f6bbet. Er\u0151nl\u00e9t fejleszt\u00e9se N\u00e1lunk lehet\u0151s\u00e9ged van a kapus specifikus er\u0151, gyorsas\u00e1g \u00e9s \u00e1ll\u00f3k\u00e9pess\u00e9ged n\u00f6vel\u00e9s\u00e9re. Elemz\u00e9s K\u00f6vesd fejl\u0151d\u00e9sed az edz\u00e9sekr\u0151l k\u00e9sz\u00fclt vide\u00f3anyagokon! Megtal\u00e1lsz minket: Tiktok Instagram Facebook d Mi a Keeper [&hellip;]<\/p>\n","protected":false},"author":1,"featured_media":0,"parent":0,"menu_order":0,"comment_status":"closed","ping_status":"closed","template":"","meta":{"site-sidebar-layout":"no-sidebar","site-content-layout":"page-builder","ast-site-content-layout":"default","site-content-style":"default","site-sidebar-style":"default","ast-global-header-display":"","ast-banner-title-visibility":"","ast-main-header-display":"","ast-hfb-above-header-display":"","ast-hfb-below-header-display":"","ast-hfb-mobile-header-display":"","site-post-title":"disabled","ast-breadcrumbs-content":"","ast-featured-img":"disabled","footer-sml-layout":"","theme-transparent-header-meta":"enabled","adv-header-id-meta":"","stick-header-meta":"","header-above-stick-meta":"","header-main-stick-meta":"","header-below-stick-meta":"","astra-migrate-meta-layouts":"default","ast-page-background-enabled":"default","ast-page-background-meta":{"desktop":{"background-color":"var(--ast-global-color-4)","background-image":"","background-repeat":"repeat","background-position":"center center","background-size":"auto","background-attachment":"scroll","background-type":"","background-media":"","overlay-type":"","overlay-color":"","overlay-opacity":"","overlay-gradient":""},"tablet":{"background-color":"","background-image":"","background-repeat":"repeat","background-position":"center center","background-size":"auto","background-attachment":"scroll","background-type":"","background-media":"","overlay-type":"","overlay-color":"","overlay-opacity":"","overlay-gradient":""},"mobile":{"background-color":"","background-image":"","background-repeat":"repeat","background-position":"center center","background-size":"auto","background-attachment":"scroll","background-type":"","background-media":"","overlay-type":"","overlay-color":"","overlay-opacity":"","overlay-gradient":""}},"ast-content-background-meta":{"desktop":{"background-color":"var(--ast-global-color-5)","background-image":"","background-repeat":"repeat","background-position":"center center","background-size":"auto","background-attachment":"scroll","background-type":"","background-media":"","overlay-type":"","overlay-color":"","overlay-opacity":"","overlay-gradient":""},"tablet":{"background-color":"var(--ast-global-color-5)","background-image":"","background-repeat":"repeat","background-position":"center center","background-size":"auto","background-attachment":"scroll","background-type":"","background-media":"","overlay-type":"","overlay-color":"","overlay-opacity":"","overlay-gradient":""},"mobile":{"background-color":"var(--ast-global-color-5)","background-image":"","background-repeat":"repeat","background-position":"center center","background-size":"auto","background-attachment":"scroll","background-type":"","background-media":"","overlay-type":"","overlay-color":"","overlay-opacity":"","overlay-gradient":""}},"footnotes":""},"class_list":["post-1317","page","type-page","status-publish","hentry"],"_links":{"self":[{"href":"https:\/\/keeperacademy.hu\/index.php?rest_route=\/wp\/v2\/pages\/1317","targetHints":{"allow":["GET"]}}],"collection":[{"href":"https:\/\/keeperacademy.hu\/index.php?rest_route=\/wp\/v2\/pages"}],"about":[{"href":"https:\/\/keeperacademy.hu\/index.php?rest_route=\/wp\/v2\/types\/page"}],"author":[{"embeddable":true,"href":"https:\/\/keeperacademy.hu\/index.php?rest_route=\/wp\/v2\/users\/1"}],"replies":[{"embeddable":true,"href":"https:\/\/keeperacademy.hu\/index.php?rest_route=%2Fwp%2Fv2%2Fcomments&post=1317"}],"version-history":[{"count":30,"href":"https:\/\/keeperacademy.hu\/index.php?rest_route=\/wp\/v2\/pages\/1317\/revisions"}],"predecessor-version":[{"id":4500,"href":"https:\/\/keeperacademy.hu\/index.php?rest_route=\/wp\/v2\/pages\/1317\/revisions\/4500"}],"wp:attachment":[{"href":"https:\/\/keeperacademy.hu\/index.php?rest_route=%2Fwp%2Fv2%2Fmedia&parent=1317"}],"curies":[{"name":"wp","href":"https:\/\/api.w.org\/{rel}","templated":true}]}}