{"id":3606,"date":"2025-10-13T14:48:32","date_gmt":"2025-10-13T14:48:32","guid":{"rendered":"https:\/\/keeperacademy.hu\/contact\/"},"modified":"2025-10-29T13:16:57","modified_gmt":"2025-10-29T13:16:57","slug":"kapocsolat","status":"publish","type":"page","link":"https:\/\/keeperacademy.hu\/?page_id=3606","title":{"rendered":"Kapcsolat"},"content":{"rendered":"\t\t<div data-elementor-type=\"wp-page\" data-elementor-id=\"3606\" class=\"elementor elementor-3606\" data-elementor-post-type=\"page\">\n\t\t\t\t<div class=\"elementor-element elementor-element-696749e e-flex e-con-boxed e-con e-parent\" data-id=\"696749e\" data-element_type=\"container\" data-settings=\"{&quot;background_background&quot;:&quot;classic&quot;}\">\n\t\t\t\t\t<div class=\"e-con-inner\">\n\t\t\t\t<div class=\"elementor-element elementor-element-a50540f elementor-widget elementor-widget-heading\" data-id=\"a50540f\" data-element_type=\"widget\" data-widget_type=\"heading.default\">\n\t\t\t\t<div class=\"elementor-widget-container\">\n\t\t\t\t\t<h1 class=\"elementor-heading-title elementor-size-default\">Kapcsolat<\/h1>\t\t\t\t<\/div>\n\t\t\t\t<\/div>\n\t\t\t\t\t<\/div>\n\t\t\t\t<\/div>\n\t\t<div class=\"elementor-element elementor-element-e596d83 e-flex e-con-boxed e-con e-parent\" data-id=\"e596d83\" data-element_type=\"container\" data-settings=\"{&quot;background_background&quot;:&quot;classic&quot;}\">\n\t\t\t\t\t<div class=\"e-con-inner\">\n\t\t<div class=\"elementor-element elementor-element-396217d e-con-full e-flex e-con e-child\" data-id=\"396217d\" data-element_type=\"container\">\n\t\t\t\t<div class=\"elementor-element elementor-element-4be9028 elementor-widget elementor-widget-text-editor\" data-id=\"4be9028\" data-element_type=\"widget\" data-widget_type=\"text-editor.default\">\n\t\t\t\t<div class=\"elementor-widget-container\">\n\t\t\t\t\t\t\t\t\t<p><img decoding=\"async\" class=\"aligncenter wp-image-4400\" src=\"https:\/\/keeperacademy.hu\/wp-content\/uploads\/2025\/10\/nvlp-300x300.png\" alt=\"nvlp\" width=\"35\" height=\"35\" title=\"Kapcsolat\" srcset=\"https:\/\/keeperacademy.hu\/wp-content\/uploads\/2025\/10\/nvlp-300x300.png 300w, https:\/\/keeperacademy.hu\/wp-content\/uploads\/2025\/10\/nvlp-150x150.png 150w, https:\/\/keeperacademy.hu\/wp-content\/uploads\/2025\/10\/nvlp.png 512w\" sizes=\"(max-width: 35px) 100vw, 35px\" \/><\/p><p>keeperacademybudapest@gmail.com<\/p><p><img decoding=\"async\" class=\"aligncenter wp-image-4397\" src=\"https:\/\/keeperacademy.hu\/wp-content\/uploads\/2025\/10\/telefon2-300x300.png\" alt=\"telefon2\" width=\"35\" height=\"35\" title=\"Kapcsolat\" srcset=\"https:\/\/keeperacademy.hu\/wp-content\/uploads\/2025\/10\/telefon2-300x300.png 300w, https:\/\/keeperacademy.hu\/wp-content\/uploads\/2025\/10\/telefon2-150x150.png 150w, https:\/\/keeperacademy.hu\/wp-content\/uploads\/2025\/10\/telefon2.png 512w\" sizes=\"(max-width: 35px) 100vw, 35px\" \/><\/p><p>+36 30 232 7374<\/p><p><img decoding=\"async\" class=\"aligncenter wp-image-4398\" src=\"https:\/\/keeperacademy.hu\/wp-content\/uploads\/2025\/10\/fb-k-300x300.png\" alt=\"fb k\" width=\"41\" height=\"41\" title=\"Kapcsolat\" srcset=\"https:\/\/keeperacademy.hu\/wp-content\/uploads\/2025\/10\/fb-k-300x300.png 300w, https:\/\/keeperacademy.hu\/wp-content\/uploads\/2025\/10\/fb-k-150x150.png 150w, https:\/\/keeperacademy.hu\/wp-content\/uploads\/2025\/10\/fb-k.png 512w\" sizes=\"(max-width: 41px) 100vw, 41px\" \/><\/p><p>Keeper Academy Budapest<\/p>\t\t\t\t\t\t\t\t<\/div>\n\t\t\t\t<\/div>\n\t\t\t\t<\/div>\n\t\t<div class=\"elementor-element elementor-element-9ddbe48 e-con-full e-flex e-con e-child\" data-id=\"9ddbe48\" data-element_type=\"container\">\n\t\t\t\t<div class=\"elementor-element elementor-element-1c5f5a1 elementor-widget elementor-widget-text-editor\" data-id=\"1c5f5a1\" data-element_type=\"widget\" data-widget_type=\"text-editor.default\">\n\t\t\t\t<div class=\"elementor-widget-container\">\n\t\t\t\t\t\t\t\t\t<p><br \/><img loading=\"lazy\" decoding=\"async\" class=\"aligncenter wp-image-4399\" src=\"https:\/\/keeperacademy.hu\/wp-content\/uploads\/2025\/10\/loc-240x300.png\" alt=\"loc\" width=\"40\" height=\"50\" title=\"Kapcsolat\" srcset=\"https:\/\/keeperacademy.hu\/wp-content\/uploads\/2025\/10\/loc-240x300.png 240w, https:\/\/keeperacademy.hu\/wp-content\/uploads\/2025\/10\/loc-819x1024.png 819w, https:\/\/keeperacademy.hu\/wp-content\/uploads\/2025\/10\/loc-768x960.png 768w, https:\/\/keeperacademy.hu\/wp-content\/uploads\/2025\/10\/loc.png 872w\" sizes=\"(max-width: 40px) 100vw, 40px\" \/><\/p><h4><strong>Budapest<\/strong><\/h4><p>T\u00e1ncsics Mih\u00e1ly \u00dat 1174<\/p><p>Grund 1986 Fc Sporttelep<\/p>\t\t\t\t\t\t\t\t<\/div>\n\t\t\t\t<\/div>\n\t\t\t\t<\/div>\n\t\t\t\t<div class=\"elementor-element elementor-element-efb5b3a elementor-widget elementor-widget-text-editor\" data-id=\"efb5b3a\" data-element_type=\"widget\" data-widget_type=\"text-editor.default\">\n\t\t\t\t<div class=\"elementor-widget-container\">\n\t\t\t\t\t\t\t\t\t<p>\u00a0<\/p><p><img loading=\"lazy\" decoding=\"async\" class=\"aligncenter wp-image-4399\" src=\"https:\/\/keeperacademy.hu\/wp-content\/uploads\/2025\/10\/loc-240x300.png\" alt=\"loc\" width=\"40\" height=\"50\" title=\"Kapcsolat\" srcset=\"https:\/\/keeperacademy.hu\/wp-content\/uploads\/2025\/10\/loc-240x300.png 240w, https:\/\/keeperacademy.hu\/wp-content\/uploads\/2025\/10\/loc-819x1024.png 819w, https:\/\/keeperacademy.hu\/wp-content\/uploads\/2025\/10\/loc-768x960.png 768w, https:\/\/keeperacademy.hu\/wp-content\/uploads\/2025\/10\/loc.png 872w\" sizes=\"(max-width: 40px) 100vw, 40px\" \/><\/p><h4><strong>Mogyor\u00f3d<\/strong><\/h4><p>Sport \u00fat 33, 2146<\/p><p>Mogyor\u00f3d Focip\u00e1lya<\/p>\t\t\t\t\t\t\t\t<\/div>\n\t\t\t\t<\/div>\n\t\t\t\t\t<\/div>\n\t\t\t\t<\/div>\n\t\t<div class=\"elementor-element elementor-element-359228c e-flex e-con-boxed e-con e-parent\" data-id=\"359228c\" data-element_type=\"container\" data-settings=\"{&quot;background_background&quot;:&quot;classic&quot;}\">\n\t\t\t\t\t<div class=\"e-con-inner\">\n\t\t<div class=\"elementor-element elementor-element-7af960f e-con-full e-flex e-con e-child\" data-id=\"7af960f\" data-element_type=\"container\">\n\t\t\t\t<div class=\"elementor-element elementor-element-31bb468 elementor-widget elementor-widget-text-editor\" data-id=\"31bb468\" data-element_type=\"widget\" data-widget_type=\"text-editor.default\">\n\t\t\t\t<div class=\"elementor-widget-container\">\n\t\t\t\t\t\t\t\t\t<p>N\u00e9zz bele edz\u00e9seinkbe!<\/p>\t\t\t\t\t\t\t\t<\/div>\n\t\t\t\t<\/div>\n\t\t\t\t<div class=\"elementor-element elementor-element-2f5b9eb elementor-shape-rounded elementor-grid-0 e-grid-align-center elementor-widget elementor-widget-social-icons\" data-id=\"2f5b9eb\" data-element_type=\"widget\" data-widget_type=\"social-icons.default\">\n\t\t\t\t<div class=\"elementor-widget-container\">\n\t\t\t\t\t\t\t<div class=\"elementor-social-icons-wrapper elementor-grid\" role=\"list\">\n\t\t\t\t\t\t\t<span class=\"elementor-grid-item\" role=\"listitem\">\n\t\t\t\t\t<a class=\"elementor-icon elementor-social-icon elementor-social-icon-tiktok elementor-repeater-item-1a16806\" href=\"https:\/\/www.tiktok.com\/@keeperacademybp\" target=\"_blank\">\n\t\t\t\t\t\t<span class=\"elementor-screen-only\">Tiktok<\/span>\n\t\t\t\t\t\t<i aria-hidden=\"true\" class=\"fab fa-tiktok\"><\/i>\t\t\t\t\t<\/a>\n\t\t\t\t<\/span>\n\t\t\t\t\t\t\t<span class=\"elementor-grid-item\" role=\"listitem\">\n\t\t\t\t\t<a class=\"elementor-icon elementor-social-icon elementor-social-icon-instagram elementor-repeater-item-dacb86a\" href=\"https:\/\/www.instagram.com\/keeperacademybp\/\" target=\"_blank\">\n\t\t\t\t\t\t<span class=\"elementor-screen-only\">Instagram<\/span>\n\t\t\t\t\t\t<i aria-hidden=\"true\" class=\"fab fa-instagram\"><\/i>\t\t\t\t\t<\/a>\n\t\t\t\t<\/span>\n\t\t\t\t\t\t\t<span class=\"elementor-grid-item\" role=\"listitem\">\n\t\t\t\t\t<a class=\"elementor-icon elementor-social-icon elementor-social-icon-facebook elementor-repeater-item-937a606\" target=\"_blank\">\n\t\t\t\t\t\t<span class=\"elementor-screen-only\">Facebook<\/span>\n\t\t\t\t\t\t<i aria-hidden=\"true\" class=\"fab fa-facebook\"><\/i>\t\t\t\t\t<\/a>\n\t\t\t\t<\/span>\n\t\t\t\t\t<\/div>\n\t\t\t\t\t\t<\/div>\n\t\t\t\t<\/div>\n\t\t\t\t<\/div>\n\t\t\t\t\t<\/div>\n\t\t\t\t<\/div>\n\t\t<div class=\"elementor-element elementor-element-13af7b3 e-flex e-con-boxed e-con e-parent\" data-id=\"13af7b3\" data-element_type=\"container\" data-settings=\"{&quot;background_background&quot;:&quot;classic&quot;}\">\n\t\t\t\t\t<div class=\"e-con-inner\">\n\t\t\t\t<div class=\"elementor-element elementor-element-0a7b64a elementor-arrows-position-inside elementor-pagination-position-outside elementor-widget elementor-widget-image-carousel\" data-id=\"0a7b64a\" data-element_type=\"widget\" data-settings=\"{&quot;slides_to_show&quot;:&quot;1&quot;,&quot;navigation&quot;:&quot;both&quot;,&quot;autoplay&quot;:&quot;yes&quot;,&quot;pause_on_hover&quot;:&quot;yes&quot;,&quot;pause_on_interaction&quot;:&quot;yes&quot;,&quot;autoplay_speed&quot;:5000,&quot;infinite&quot;:&quot;yes&quot;,&quot;effect&quot;:&quot;slide&quot;,&quot;speed&quot;:500}\" data-widget_type=\"image-carousel.default\">\n\t\t\t\t<div class=\"elementor-widget-container\">\n\t\t\t\t\t\t\t<div class=\"elementor-image-carousel-wrapper swiper\" role=\"region\" aria-roledescription=\"carousel\" aria-label=\"K\u00e9p k\u00f6rhinta\" dir=\"ltr\">\n\t\t\t<div class=\"elementor-image-carousel swiper-wrapper\" aria-live=\"off\">\n\t\t\t\t\t\t\t\t<div class=\"swiper-slide\" role=\"group\" aria-roledescription=\"slide\" aria-label=\"1 \/ 2\"><figure class=\"swiper-slide-inner\"><img decoding=\"async\" class=\"swiper-slide-image\" src=\"https:\/\/keeperacademy.hu\/wp-content\/uploads\/2025\/10\/1000016327-1-768x574.jpg\" alt=\"1000016327\" title=\"Kapcsolat\"><\/figure><\/div><div class=\"swiper-slide\" role=\"group\" aria-roledescription=\"slide\" aria-label=\"2 \/ 2\"><figure class=\"swiper-slide-inner\"><img decoding=\"async\" class=\"swiper-slide-image\" src=\"https:\/\/keeperacademy.hu\/wp-content\/uploads\/2025\/10\/1000016329-768x597.jpg\" alt=\"1000016329\" title=\"Kapcsolat\"><\/figure><\/div>\t\t\t<\/div>\n\t\t\t\t\t\t\t\t\t\t\t\t<div class=\"elementor-swiper-button elementor-swiper-button-prev\" role=\"button\" tabindex=\"0\">\n\t\t\t\t\t\t<i aria-hidden=\"true\" class=\"eicon-chevron-left\"><\/i>\t\t\t\t\t<\/div>\n\t\t\t\t\t<div class=\"elementor-swiper-button elementor-swiper-button-next\" role=\"button\" tabindex=\"0\">\n\t\t\t\t\t\t<i aria-hidden=\"true\" class=\"eicon-chevron-right\"><\/i>\t\t\t\t\t<\/div>\n\t\t\t\t\n\t\t\t\t\t\t\t\t\t<div class=\"swiper-pagination\"><\/div>\n\t\t\t\t\t\t\t\t\t<\/div>\n\t\t\t\t\t\t<\/div>\n\t\t\t\t<\/div>\n\t\t\t\t\t<\/div>\n\t\t\t\t<\/div>\n\t\t\t\t<\/div>\n\t\t","protected":false},"excerpt":{"rendered":"<p>Kapcsolat keeperacademybudapest@gmail.com +36 30 232 7374 Keeper Academy Budapest Budapest T\u00e1ncsics Mih\u00e1ly \u00dat 1174 Grund 1986 Fc Sporttelep \u00a0 Mogyor\u00f3d Sport \u00fat 33, 2146 Mogyor\u00f3d Focip\u00e1lya N\u00e9zz bele edz\u00e9seinkbe! Tiktok Instagram Facebook<\/p>\n","protected":false},"author":1,"featured_media":0,"parent":0,"menu_order":0,"comment_status":"closed","ping_status":"closed","template":"","meta":{"site-sidebar-layout":"no-sidebar","site-content-layout":"page-builder","ast-site-content-layout":"full-width-container","site-content-style":"unboxed","site-sidebar-style":"unboxed","ast-global-header-display":"","ast-banner-title-visibility":"","ast-main-header-display":"","ast-hfb-above-header-display":"","ast-hfb-below-header-display":"","ast-hfb-mobile-header-display":"","site-post-title":"disabled","ast-breadcrumbs-content":"","ast-featured-img":"disabled","footer-sml-layout":"","theme-transparent-header-meta":"enabled","adv-header-id-meta":"","stick-header-meta":"","header-above-stick-meta":"","header-main-stick-meta":"","header-below-stick-meta":"","astra-migrate-meta-layouts":"set","ast-page-background-enabled":"default","ast-page-background-meta":{"desktop":{"background-color":"var(--ast-global-color-4)","background-image":"","background-repeat":"repeat","background-position":"center center","background-size":"auto","background-attachment":"scroll","background-type":"","background-media":"","overlay-type":"","overlay-color":"","overlay-opacity":"","overlay-gradient":""},"tablet":{"background-color":"","background-image":"","background-repeat":"repeat","background-position":"center center","background-size":"auto","background-attachment":"scroll","background-type":"","background-media":"","overlay-type":"","overlay-color":"","overlay-opacity":"","overlay-gradient":""},"mobile":{"background-color":"","background-image":"","background-repeat":"repeat","background-position":"center center","background-size":"auto","background-attachment":"scroll","background-type":"","background-media":"","overlay-type":"","overlay-color":"","overlay-opacity":"","overlay-gradient":""}},"ast-content-background-meta":{"desktop":{"background-color":"var(--ast-global-color-5)","background-image":"","background-repeat":"repeat","background-position":"center center","background-size":"auto","background-attachment":"scroll","background-type":"","background-media":"","overlay-type":"","overlay-color":"","overlay-opacity":"","overlay-gradient":""},"tablet":{"background-color":"var(--ast-global-color-5)","background-image":"","background-repeat":"repeat","background-position":"center center","background-size":"auto","background-attachment":"scroll","background-type":"","background-media":"","overlay-type":"","overlay-color":"","overlay-opacity":"","overlay-gradient":""},"mobile":{"background-color":"var(--ast-global-color-5)","background-image":"","background-repeat":"repeat","background-position":"center center","background-size":"auto","background-attachment":"scroll","background-type":"","background-media":"","overlay-type":"","overlay-color":"","overlay-opacity":"","overlay-gradient":""}},"footnotes":""},"class_list":["post-3606","page","type-page","status-publish","hentry"],"_links":{"self":[{"href":"https:\/\/keeperacademy.hu\/index.php?rest_route=\/wp\/v2\/pages\/3606","targetHints":{"allow":["GET"]}}],"collection":[{"href":"https:\/\/keeperacademy.hu\/index.php?rest_route=\/wp\/v2\/pages"}],"about":[{"href":"https:\/\/keeperacademy.hu\/index.php?rest_route=\/wp\/v2\/types\/page"}],"author":[{"embeddable":true,"href":"https:\/\/keeperacademy.hu\/index.php?rest_route=\/wp\/v2\/users\/1"}],"replies":[{"embeddable":true,"href":"https:\/\/keeperacademy.hu\/index.php?rest_route=%2Fwp%2Fv2%2Fcomments&post=3606"}],"version-history":[{"count":16,"href":"https:\/\/keeperacademy.hu\/index.php?rest_route=\/wp\/v2\/pages\/3606\/revisions"}],"predecessor-version":[{"id":4486,"href":"https:\/\/keeperacademy.hu\/index.php?rest_route=\/wp\/v2\/pages\/3606\/revisions\/4486"}],"wp:attachment":[{"href":"https:\/\/keeperacademy.hu\/index.php?rest_route=%2Fwp%2Fv2%2Fmedia&parent=3606"}],"curies":[{"name":"wp","href":"https:\/\/api.w.org\/{rel}","templated":true}]}}